{"id":1495,"date":"2021-07-20T12:28:29","date_gmt":"2021-07-20T15:28:29","guid":{"rendered":"https:\/\/jeringasr.com.py\/?page_id=1495"},"modified":"2021-07-23T12:08:56","modified_gmt":"2021-07-23T15:08:56","slug":"artigos","status":"publish","type":"page","link":"https:\/\/jeringasr.com.py\/es\/artigos\/","title":{"rendered":"ARTIGOS"},"content":{"rendered":"<div data-elementor-type=\"wp-page\" data-elementor-id=\"1495\" class=\"elementor elementor-1495\" data-elementor-post-type=\"page\">\n\t\t\t\t\t\t<section class=\"elementor-section elementor-top-section elementor-element elementor-element-6d92693 elementor-section-boxed elementor-section-height-default elementor-section-height-default\" data-id=\"6d92693\" data-element_type=\"section\" data-settings=\"{&quot;background_background&quot;:&quot;classic&quot;}\">\n\t\t\t\t\t\t<div class=\"elementor-container elementor-column-gap-default\">\n\t\t\t\t\t<div class=\"elementor-column elementor-col-100 elementor-top-column elementor-element elementor-element-ba0cd7c\" data-id=\"ba0cd7c\" data-element_type=\"column\">\n\t\t\t<div class=\"elementor-widget-wrap elementor-element-populated\">\n\t\t\t\t\t\t<div class=\"elementor-element elementor-element-eec91a4 elementor-widget elementor-widget-heading\" data-id=\"eec91a4\" data-element_type=\"widget\" data-widget_type=\"heading.default\">\n\t\t\t\t<div class=\"elementor-widget-container\">\n\t\t\t<h1 class=\"elementor-heading-title elementor-size-default\">Art\u00edculos<\/h1>\t\t<\/div>\n\t\t\t\t<\/div>\n\t\t\t\t<div class=\"elementor-element elementor-element-a3270b7 elementor-widget elementor-widget-heading\" data-id=\"a3270b7\" data-element_type=\"widget\" data-widget_type=\"heading.default\">\n\t\t\t\t<div class=\"elementor-widget-container\">\n\t\t\t<h2 class=\"elementor-heading-title elementor-size-default\">Noticias e Informaci\u00f3n<\/h2>\t\t<\/div>\n\t\t\t\t<\/div>\n\t\t\t\t\t<\/div>\n\t\t<\/div>\n\t\t\t\t\t<\/div>\n\t\t<\/section>\n\t\t\t\t<section class=\"elementor-section elementor-top-section elementor-element elementor-element-0c8f53b elementor-section-boxed elementor-section-height-default elementor-section-height-default\" data-id=\"0c8f53b\" data-element_type=\"section\">\n\t\t\t\t\t\t<div class=\"elementor-container elementor-column-gap-default\">\n\t\t\t\t\t<div class=\"elementor-column elementor-col-100 elementor-top-column elementor-element elementor-element-59a4d2d\" data-id=\"59a4d2d\" data-element_type=\"column\">\n\t\t\t<div class=\"elementor-widget-wrap elementor-element-populated\">\n\t\t\t\t\t\t<div class=\"elementor-element elementor-element-8e3c5dd elementor-widget elementor-widget-heading\" data-id=\"8e3c5dd\" data-element_type=\"widget\" data-widget_type=\"heading.default\">\n\t\t\t\t<div class=\"elementor-widget-container\">\n\t\t\t<h2 class=\"elementor-heading-title elementor-size-default\">Publicaciones Destacadas<\/h2>\t\t<\/div>\n\t\t\t\t<\/div>\n\t\t\t\t<div class=\"elementor-element elementor-element-a160cfd elementor-widget-divider--view-line elementor-widget elementor-widget-divider\" data-id=\"a160cfd\" data-element_type=\"widget\" data-widget_type=\"divider.default\">\n\t\t\t\t<div class=\"elementor-widget-container\">\n\t\t\t\t\t<div class=\"elementor-divider\">\n\t\t\t<span class=\"elementor-divider-separator\">\n\t\t\t\t\t\t<\/span>\n\t\t<\/div>\n\t\t\t\t<\/div>\n\t\t\t\t<\/div>\n\t\t\t\t\t<\/div>\n\t\t<\/div>\n\t\t\t\t\t<\/div>\n\t\t<\/section>\n\t\t\t\t<section class=\"elementor-section elementor-top-section elementor-element elementor-element-59c7190 elementor-section-boxed elementor-section-height-default elementor-section-height-default\" data-id=\"59c7190\" data-element_type=\"section\">\n\t\t\t\t\t\t<div class=\"elementor-container elementor-column-gap-default\">\n\t\t\t\t\t<div class=\"elementor-column elementor-col-66 elementor-top-column elementor-element elementor-element-bbe2401\" data-id=\"bbe2401\" data-element_type=\"column\">\n\t\t\t<div class=\"elementor-widget-wrap elementor-element-populated\">\n\t\t\t\t\t\t<div class=\"elementor-element elementor-element-a1bac15 elementor-grid-1 elementor-posts--thumbnail-left elementor-hidden-phone elementor-grid-tablet-2 elementor-grid-mobile-1 elementor-widget elementor-widget-posts\" data-id=\"a1bac15\" data-element_type=\"widget\" data-settings=\"{&quot;classic_columns&quot;:&quot;1&quot;,&quot;classic_columns_tablet&quot;:&quot;2&quot;,&quot;classic_columns_mobile&quot;:&quot;1&quot;,&quot;classic_row_gap&quot;:{&quot;unit&quot;:&quot;px&quot;,&quot;size&quot;:35,&quot;sizes&quot;:[]},&quot;classic_row_gap_tablet&quot;:{&quot;unit&quot;:&quot;px&quot;,&quot;size&quot;:&quot;&quot;,&quot;sizes&quot;:[]},&quot;classic_row_gap_mobile&quot;:{&quot;unit&quot;:&quot;px&quot;,&quot;size&quot;:&quot;&quot;,&quot;sizes&quot;:[]}}\" data-widget_type=\"posts.classic\">\n\t\t\t\t<div class=\"elementor-widget-container\">\n\t\t\t\t\t<div class=\"elementor-posts-container elementor-posts elementor-posts--skin-classic elementor-grid\">\n\t\t\t\t<article class=\"elementor-post elementor-grid-item post-1479 post type-post status-publish format-standard has-post-thumbnail hentry category-institucional tag-nr32 tag-seguranca-no-trabalho\">\n\t\t\t\t<a class=\"elementor-post__thumbnail__link\" href=\"https:\/\/jeringasr.com.py\/es\/entenda-a-norma-nr32-referente-a-seguranca-no-trabalho-na-area-da-saude\/\" tabindex=\"-1\" >\n\t\t\t<div class=\"elementor-post__thumbnail\"><img fetchpriority=\"high\" decoding=\"async\" width=\"300\" height=\"225\" src=\"https:\/\/jeringasr.com.py\/wp-content\/uploads\/2021\/07\/artigo-003-img-01-300x225.jpg\" class=\"attachment-medium size-medium wp-image-1480\" alt=\"\" srcset=\"https:\/\/jeringasr.com.py\/wp-content\/uploads\/2021\/07\/artigo-003-img-01-300x225.jpg 300w, https:\/\/jeringasr.com.py\/wp-content\/uploads\/2021\/07\/artigo-003-img-01-768x576.jpg 768w, https:\/\/jeringasr.com.py\/wp-content\/uploads\/2021\/07\/artigo-003-img-01-16x12.jpg 16w, https:\/\/jeringasr.com.py\/wp-content\/uploads\/2021\/07\/artigo-003-img-01.jpg 1024w\" sizes=\"(max-width: 300px) 100vw, 300px\" \/><\/div>\n\t\t<\/a>\n\t\t\t\t<div class=\"elementor-post__text\">\n\t\t\t\t<h3 class=\"elementor-post__title\">\n\t\t\t<a href=\"https:\/\/jeringasr.com.py\/es\/entenda-a-norma-nr32-referente-a-seguranca-no-trabalho-na-area-da-saude\/\" >\n\t\t\t\tEntenda a Norma NR32 referente \u00e0 Seguran\u00e7a no Trabalho na \u00e1rea da Sa\u00fade\t\t\t<\/a>\n\t\t<\/h3>\n\t\t\t\t<div class=\"elementor-post__meta-data\">\n\t\t\t\t\t<span class=\"elementor-post-date\">\n\t\t\t20 de julio de 2021\t\t<\/span>\n\t\t\t\t<\/div>\n\t\t\t\t<div class=\"elementor-post__excerpt\">\n\t\t\t<p>A NR-32 tem como finalidade estabelecer as diretrizes b\u00e1sicas para a implementa\u00e7\u00e3o de medidas de prote\u00e7\u00e3o [&#8230;]<\/p>\n\t\t<\/div>\n\t\t\n\t\t<a class=\"elementor-post__read-more\" href=\"https:\/\/jeringasr.com.py\/es\/entenda-a-norma-nr32-referente-a-seguranca-no-trabalho-na-area-da-saude\/\" aria-label=\"Read more about Entenda a Norma NR32 referente \u00e0 Seguran\u00e7a no Trabalho na \u00e1rea da Sa\u00fade\" tabindex=\"-1\" >\n\t\t\tLeia Mais\t\t<\/a>\n\n\t\t\t\t<\/div>\n\t\t\t\t<\/article>\n\t\t\t\t<\/div>\n\t\t\n\t\t\t\t<\/div>\n\t\t\t\t<\/div>\n\t\t\t\t<div class=\"elementor-element elementor-element-37260c3 elementor-grid-1 elementor-hidden-desktop elementor-hidden-tablet elementor-grid-tablet-2 elementor-grid-mobile-1 elementor-posts--thumbnail-top elementor-widget elementor-widget-posts\" data-id=\"37260c3\" data-element_type=\"widget\" data-settings=\"{&quot;classic_columns&quot;:&quot;1&quot;,&quot;classic_columns_tablet&quot;:&quot;2&quot;,&quot;classic_columns_mobile&quot;:&quot;1&quot;,&quot;classic_row_gap&quot;:{&quot;unit&quot;:&quot;px&quot;,&quot;size&quot;:35,&quot;sizes&quot;:[]},&quot;classic_row_gap_tablet&quot;:{&quot;unit&quot;:&quot;px&quot;,&quot;size&quot;:&quot;&quot;,&quot;sizes&quot;:[]},&quot;classic_row_gap_mobile&quot;:{&quot;unit&quot;:&quot;px&quot;,&quot;size&quot;:&quot;&quot;,&quot;sizes&quot;:[]}}\" data-widget_type=\"posts.classic\">\n\t\t\t\t<div class=\"elementor-widget-container\">\n\t\t\t\t\t<div class=\"elementor-posts-container elementor-posts elementor-posts--skin-classic elementor-grid\">\n\t\t\t\t<article class=\"elementor-post elementor-grid-item post-1479 post type-post status-publish format-standard has-post-thumbnail hentry category-institucional tag-nr32 tag-seguranca-no-trabalho\">\n\t\t\t\t<a class=\"elementor-post__thumbnail__link\" href=\"https:\/\/jeringasr.com.py\/es\/entenda-a-norma-nr32-referente-a-seguranca-no-trabalho-na-area-da-saude\/\" tabindex=\"-1\" >\n\t\t\t<div class=\"elementor-post__thumbnail\"><img fetchpriority=\"high\" decoding=\"async\" width=\"300\" height=\"225\" src=\"https:\/\/jeringasr.com.py\/wp-content\/uploads\/2021\/07\/artigo-003-img-01-300x225.jpg\" class=\"attachment-medium size-medium wp-image-1480\" alt=\"\" srcset=\"https:\/\/jeringasr.com.py\/wp-content\/uploads\/2021\/07\/artigo-003-img-01-300x225.jpg 300w, https:\/\/jeringasr.com.py\/wp-content\/uploads\/2021\/07\/artigo-003-img-01-768x576.jpg 768w, https:\/\/jeringasr.com.py\/wp-content\/uploads\/2021\/07\/artigo-003-img-01-16x12.jpg 16w, https:\/\/jeringasr.com.py\/wp-content\/uploads\/2021\/07\/artigo-003-img-01.jpg 1024w\" sizes=\"(max-width: 300px) 100vw, 300px\" \/><\/div>\n\t\t<\/a>\n\t\t\t\t<div class=\"elementor-post__text\">\n\t\t\t\t<h3 class=\"elementor-post__title\">\n\t\t\t<a href=\"https:\/\/jeringasr.com.py\/es\/entenda-a-norma-nr32-referente-a-seguranca-no-trabalho-na-area-da-saude\/\" >\n\t\t\t\tEntenda a Norma NR32 referente \u00e0 Seguran\u00e7a no Trabalho na \u00e1rea da Sa\u00fade\t\t\t<\/a>\n\t\t<\/h3>\n\t\t\t\t<div class=\"elementor-post__meta-data\">\n\t\t\t\t\t<span class=\"elementor-post-date\">\n\t\t\t20 de julio de 2021\t\t<\/span>\n\t\t\t\t<\/div>\n\t\t\t\t<div class=\"elementor-post__excerpt\">\n\t\t\t<p>A NR-32 tem como finalidade estabelecer as diretrizes b\u00e1sicas para a implementa\u00e7\u00e3o de medidas de prote\u00e7\u00e3o [&#8230;]<\/p>\n\t\t<\/div>\n\t\t\n\t\t<a class=\"elementor-post__read-more\" href=\"https:\/\/jeringasr.com.py\/es\/entenda-a-norma-nr32-referente-a-seguranca-no-trabalho-na-area-da-saude\/\" aria-label=\"Read more about Entenda a Norma NR32 referente \u00e0 Seguran\u00e7a no Trabalho na \u00e1rea da Sa\u00fade\" tabindex=\"-1\" >\n\t\t\tLeia Mais\t\t<\/a>\n\n\t\t\t\t<\/div>\n\t\t\t\t<\/article>\n\t\t\t\t<\/div>\n\t\t\n\t\t\t\t<\/div>\n\t\t\t\t<\/div>\n\t\t\t\t\t<\/div>\n\t\t<\/div>\n\t\t\t\t<div class=\"elementor-column elementor-col-33 elementor-top-column elementor-element elementor-element-b25921c\" data-id=\"b25921c\" data-element_type=\"column\">\n\t\t\t<div class=\"elementor-widget-wrap\">\n\t\t\t\t\t\t\t<\/div>\n\t\t<\/div>\n\t\t\t\t\t<\/div>\n\t\t<\/section>\n\t\t\t\t<section class=\"elementor-section elementor-top-section elementor-element elementor-element-61fa9f7 elementor-section-boxed elementor-section-height-default elementor-section-height-default\" data-id=\"61fa9f7\" data-element_type=\"section\">\n\t\t\t\t\t\t<div class=\"elementor-container elementor-column-gap-default\">\n\t\t\t\t\t<div class=\"elementor-column elementor-col-100 elementor-top-column elementor-element elementor-element-d0bfa5c\" data-id=\"d0bfa5c\" data-element_type=\"column\">\n\t\t\t<div class=\"elementor-widget-wrap elementor-element-populated\">\n\t\t\t\t\t\t<div class=\"elementor-element elementor-element-e95bd4b elementor-widget elementor-widget-heading\" data-id=\"e95bd4b\" data-element_type=\"widget\" data-widget_type=\"heading.default\">\n\t\t\t\t<div class=\"elementor-widget-container\">\n\t\t\t<h2 class=\"elementor-heading-title elementor-size-default\">Todos los art\u00edculos<\/h2>\t\t<\/div>\n\t\t\t\t<\/div>\n\t\t\t\t<div class=\"elementor-element elementor-element-8edb2b6 elementor-widget-divider--view-line elementor-widget elementor-widget-divider\" data-id=\"8edb2b6\" data-element_type=\"widget\" data-widget_type=\"divider.default\">\n\t\t\t\t<div class=\"elementor-widget-container\">\n\t\t\t\t\t<div class=\"elementor-divider\">\n\t\t\t<span class=\"elementor-divider-separator\">\n\t\t\t\t\t\t<\/span>\n\t\t<\/div>\n\t\t\t\t<\/div>\n\t\t\t\t<\/div>\n\t\t\t\t\t<\/div>\n\t\t<\/div>\n\t\t\t\t\t<\/div>\n\t\t<\/section>\n\t\t\t\t<section class=\"elementor-section elementor-top-section elementor-element elementor-element-74503ec elementor-section-boxed elementor-section-height-default elementor-section-height-default\" data-id=\"74503ec\" data-element_type=\"section\">\n\t\t\t\t\t\t<div class=\"elementor-container elementor-column-gap-default\">\n\t\t\t\t\t<div class=\"elementor-column elementor-col-100 elementor-top-column elementor-element elementor-element-263b7d4\" data-id=\"263b7d4\" data-element_type=\"column\">\n\t\t\t<div class=\"elementor-widget-wrap elementor-element-populated\">\n\t\t\t\t\t\t<div class=\"elementor-element elementor-element-60e4ad6 elementor-grid-3 elementor-grid-tablet-2 elementor-grid-mobile-1 elementor-posts--thumbnail-top elementor-widget elementor-widget-posts\" data-id=\"60e4ad6\" data-element_type=\"widget\" data-settings=\"{&quot;classic_row_gap&quot;:{&quot;unit&quot;:&quot;px&quot;,&quot;size&quot;:40,&quot;sizes&quot;:[]},&quot;classic_columns&quot;:&quot;3&quot;,&quot;classic_columns_tablet&quot;:&quot;2&quot;,&quot;classic_columns_mobile&quot;:&quot;1&quot;,&quot;classic_row_gap_tablet&quot;:{&quot;unit&quot;:&quot;px&quot;,&quot;size&quot;:&quot;&quot;,&quot;sizes&quot;:[]},&quot;classic_row_gap_mobile&quot;:{&quot;unit&quot;:&quot;px&quot;,&quot;size&quot;:&quot;&quot;,&quot;sizes&quot;:[]}}\" data-widget_type=\"posts.classic\">\n\t\t\t\t<div class=\"elementor-widget-container\">\n\t\t\t\t\t<div class=\"elementor-posts-container elementor-posts elementor-posts--skin-classic elementor-grid\">\n\t\t\t\t<article class=\"elementor-post elementor-grid-item post-1479 post type-post status-publish format-standard has-post-thumbnail hentry category-institucional tag-nr32 tag-seguranca-no-trabalho\">\n\t\t\t\t<a class=\"elementor-post__thumbnail__link\" href=\"https:\/\/jeringasr.com.py\/es\/entenda-a-norma-nr32-referente-a-seguranca-no-trabalho-na-area-da-saude\/\" tabindex=\"-1\" >\n\t\t\t<div class=\"elementor-post__thumbnail\"><img fetchpriority=\"high\" decoding=\"async\" width=\"300\" height=\"225\" src=\"https:\/\/jeringasr.com.py\/wp-content\/uploads\/2021\/07\/artigo-003-img-01-300x225.jpg\" class=\"attachment-medium size-medium wp-image-1480\" alt=\"\" srcset=\"https:\/\/jeringasr.com.py\/wp-content\/uploads\/2021\/07\/artigo-003-img-01-300x225.jpg 300w, https:\/\/jeringasr.com.py\/wp-content\/uploads\/2021\/07\/artigo-003-img-01-768x576.jpg 768w, https:\/\/jeringasr.com.py\/wp-content\/uploads\/2021\/07\/artigo-003-img-01-16x12.jpg 16w, https:\/\/jeringasr.com.py\/wp-content\/uploads\/2021\/07\/artigo-003-img-01.jpg 1024w\" sizes=\"(max-width: 300px) 100vw, 300px\" \/><\/div>\n\t\t<\/a>\n\t\t\t\t<div class=\"elementor-post__text\">\n\t\t\t\t<h4 class=\"elementor-post__title\">\n\t\t\t<a href=\"https:\/\/jeringasr.com.py\/es\/entenda-a-norma-nr32-referente-a-seguranca-no-trabalho-na-area-da-saude\/\" >\n\t\t\t\tEntenda a Norma NR32 referente \u00e0 Seguran\u00e7a no Trabalho na \u00e1rea da Sa\u00fade\t\t\t<\/a>\n\t\t<\/h4>\n\t\t\t\t<div class=\"elementor-post__meta-data\">\n\t\t\t\t\t<span class=\"elementor-post-date\">\n\t\t\t20 de julio de 2021\t\t<\/span>\n\t\t\t\t<\/div>\n\t\t\t\t<div class=\"elementor-post__excerpt\">\n\t\t\t<p>A NR-32 tem como finalidade estabelecer as diretrizes b\u00e1sicas para a implementa\u00e7\u00e3o de medidas de prote\u00e7\u00e3o [&#8230;]<\/p>\n\t\t<\/div>\n\t\t\n\t\t<a class=\"elementor-post__read-more\" href=\"https:\/\/jeringasr.com.py\/es\/entenda-a-norma-nr32-referente-a-seguranca-no-trabalho-na-area-da-saude\/\" aria-label=\"Read more about Entenda a Norma NR32 referente \u00e0 Seguran\u00e7a no Trabalho na \u00e1rea da Sa\u00fade\" tabindex=\"-1\" >\n\t\t\tLeia Mais\t\t<\/a>\n\n\t\t\t\t<\/div>\n\t\t\t\t<\/article>\n\t\t\t\t<article class=\"elementor-post elementor-grid-item post-1475 post type-post status-publish format-standard has-post-thumbnail hentry category-institucional tag-pandemia\">\n\t\t\t\t<a class=\"elementor-post__thumbnail__link\" href=\"https:\/\/jeringasr.com.py\/es\/a-sr-investe-na-protecao-da-equipe-para-atender-as-demandas-de-producao-durante-a-pandemia\/\" tabindex=\"-1\" >\n\t\t\t<div class=\"elementor-post__thumbnail\"><img decoding=\"async\" width=\"300\" height=\"225\" src=\"https:\/\/jeringasr.com.py\/wp-content\/uploads\/2021\/07\/artigo-001-img-01-300x225.jpg\" class=\"attachment-medium size-medium wp-image-1476\" alt=\"\" srcset=\"https:\/\/jeringasr.com.py\/wp-content\/uploads\/2021\/07\/artigo-001-img-01-300x225.jpg 300w, https:\/\/jeringasr.com.py\/wp-content\/uploads\/2021\/07\/artigo-001-img-01-768x576.jpg 768w, https:\/\/jeringasr.com.py\/wp-content\/uploads\/2021\/07\/artigo-001-img-01-16x12.jpg 16w, https:\/\/jeringasr.com.py\/wp-content\/uploads\/2021\/07\/artigo-001-img-01.jpg 1024w\" sizes=\"(max-width: 300px) 100vw, 300px\" \/><\/div>\n\t\t<\/a>\n\t\t\t\t<div class=\"elementor-post__text\">\n\t\t\t\t<h4 class=\"elementor-post__title\">\n\t\t\t<a href=\"https:\/\/jeringasr.com.py\/es\/a-sr-investe-na-protecao-da-equipe-para-atender-as-demandas-de-producao-durante-a-pandemia\/\" >\n\t\t\t\tA SR investe na Prote\u00e7\u00e3o da Equipe para atender as demandas de produ\u00e7\u00e3o durante a Pandemia\t\t\t<\/a>\n\t\t<\/h4>\n\t\t\t\t<div class=\"elementor-post__meta-data\">\n\t\t\t\t\t<span class=\"elementor-post-date\">\n\t\t\t8 de junio de 2021\t\t<\/span>\n\t\t\t\t<\/div>\n\t\t\t\t<div class=\"elementor-post__excerpt\">\n\t\t\t<p>O ano de 2020 e o primeiro semestre de 2021 foram per\u00edodos de in\u00fameros desafios para n\u00f3s aqui na SR.<\/p>\n\t\t<\/div>\n\t\t\n\t\t<a class=\"elementor-post__read-more\" href=\"https:\/\/jeringasr.com.py\/es\/a-sr-investe-na-protecao-da-equipe-para-atender-as-demandas-de-producao-durante-a-pandemia\/\" aria-label=\"Read more about A SR investe na Prote\u00e7\u00e3o da Equipe para atender as demandas de produ\u00e7\u00e3o durante a Pandemia\" tabindex=\"-1\" >\n\t\t\tLeia Mais\t\t<\/a>\n\n\t\t\t\t<\/div>\n\t\t\t\t<\/article>\n\t\t\t\t<article class=\"elementor-post elementor-grid-item post-1473 post type-post status-publish format-standard has-post-thumbnail hentry category-saude tag-diabetes tag-insulina\">\n\t\t\t\t<a class=\"elementor-post__thumbnail__link\" href=\"https:\/\/jeringasr.com.py\/es\/a-diabetes-mellitus-e-a-importancia-da-insulina\/\" tabindex=\"-1\" >\n\t\t\t<div class=\"elementor-post__thumbnail\"><img decoding=\"async\" width=\"300\" height=\"225\" src=\"https:\/\/jeringasr.com.py\/wp-content\/uploads\/2021\/07\/artigo-002-img-01-300x225.jpg\" class=\"attachment-medium size-medium wp-image-1478\" alt=\"\" srcset=\"https:\/\/jeringasr.com.py\/wp-content\/uploads\/2021\/07\/artigo-002-img-01-300x225.jpg 300w, https:\/\/jeringasr.com.py\/wp-content\/uploads\/2021\/07\/artigo-002-img-01-768x576.jpg 768w, https:\/\/jeringasr.com.py\/wp-content\/uploads\/2021\/07\/artigo-002-img-01-16x12.jpg 16w, https:\/\/jeringasr.com.py\/wp-content\/uploads\/2021\/07\/artigo-002-img-01.jpg 1024w\" sizes=\"(max-width: 300px) 100vw, 300px\" \/><\/div>\n\t\t<\/a>\n\t\t\t\t<div class=\"elementor-post__text\">\n\t\t\t\t<h4 class=\"elementor-post__title\">\n\t\t\t<a href=\"https:\/\/jeringasr.com.py\/es\/a-diabetes-mellitus-e-a-importancia-da-insulina\/\" >\n\t\t\t\tA Diabetes Mellitus e a Import\u00e2ncia da Insulina\t\t\t<\/a>\n\t\t<\/h4>\n\t\t\t\t<div class=\"elementor-post__meta-data\">\n\t\t\t\t\t<span class=\"elementor-post-date\">\n\t\t\t1 de junio de 2021\t\t<\/span>\n\t\t\t\t<\/div>\n\t\t\t\t<div class=\"elementor-post__excerpt\">\n\t\t\t<p>Diabetes Mellitus (DM) \u00e9 uma doen\u00e7a do metabolismo caracterizada pelo excesso de glicose no sangue, que surge quando o p\u00e2ncreas<\/p>\n\t\t<\/div>\n\t\t\n\t\t<a class=\"elementor-post__read-more\" href=\"https:\/\/jeringasr.com.py\/es\/a-diabetes-mellitus-e-a-importancia-da-insulina\/\" aria-label=\"Read more about A Diabetes Mellitus e a Import\u00e2ncia da Insulina\" tabindex=\"-1\" >\n\t\t\tLeia Mais\t\t<\/a>\n\n\t\t\t\t<\/div>\n\t\t\t\t<\/article>\n\t\t\t\t<\/div>\n\t\t\n\t\t\t\t<\/div>\n\t\t\t\t<\/div>\n\t\t\t\t\t<\/div>\n\t\t<\/div>\n\t\t\t\t\t<\/div>\n\t\t<\/section>\n\t\t\t\t<\/div>","protected":false},"excerpt":{"rendered":"<p>Artigos Not\u00edcias, Dicas e Informa\u00e7\u00f5es Postagens em Destaque Todos os artigos<\/p>","protected":false},"author":1,"featured_media":0,"parent":0,"menu_order":0,"comment_status":"closed","ping_status":"closed","template":"","meta":{"footnotes":""},"class_list":["post-1495","page","type-page","status-publish","hentry"],"_links":{"self":[{"href":"https:\/\/jeringasr.com.py\/es\/wp-json\/wp\/v2\/pages\/1495","targetHints":{"allow":["GET"]}}],"collection":[{"href":"https:\/\/jeringasr.com.py\/es\/wp-json\/wp\/v2\/pages"}],"about":[{"href":"https:\/\/jeringasr.com.py\/es\/wp-json\/wp\/v2\/types\/page"}],"author":[{"embeddable":true,"href":"https:\/\/jeringasr.com.py\/es\/wp-json\/wp\/v2\/users\/1"}],"replies":[{"embeddable":true,"href":"https:\/\/jeringasr.com.py\/es\/wp-json\/wp\/v2\/comments?post=1495"}],"version-history":[{"count":10,"href":"https:\/\/jeringasr.com.py\/es\/wp-json\/wp\/v2\/pages\/1495\/revisions"}],"predecessor-version":[{"id":2116,"href":"https:\/\/jeringasr.com.py\/es\/wp-json\/wp\/v2\/pages\/1495\/revisions\/2116"}],"wp:attachment":[{"href":"https:\/\/jeringasr.com.py\/es\/wp-json\/wp\/v2\/media?parent=1495"}],"curies":[{"name":"wp","href":"https:\/\/api.w.org\/{rel}","templated":true}]}}